{"id":440,"date":"2025-05-08T10:32:44","date_gmt":"2025-05-08T10:32:44","guid":{"rendered":"http:\/\/vascokatowice.pl\/?page_id=440"},"modified":"2025-09-15T07:52:07","modified_gmt":"2025-09-15T07:52:07","slug":"dzial-handlowy","status":"publish","type":"page","link":"http:\/\/vascokatowice.pl\/index.php\/dzial-handlowy\/","title":{"rendered":"Dzia\u0142 handlowy"},"content":{"rendered":"\t\t<div data-elementor-type=\"wp-page\" data-elementor-id=\"440\" class=\"elementor elementor-440\">\n\t\t\t\t\t\t<div class=\"elementor-inner\">\n\t\t\t\t<div class=\"elementor-section-wrap\">\n\t\t\t\t\t\t\t\t\t<section class=\"elementor-section elementor-top-section elementor-element elementor-element-1d16531 elementor-section-boxed elementor-section-height-default elementor-section-height-default\" data-id=\"1d16531\" data-element_type=\"section\">\n\t\t\t\t\t\t<div class=\"elementor-container elementor-column-gap-default\">\n\t\t\t\t\t\t\t<div class=\"elementor-row\">\n\t\t\t\t\t<div class=\"elementor-column elementor-col-100 elementor-top-column elementor-element elementor-element-063d18f\" data-id=\"063d18f\" data-element_type=\"column\">\n\t\t\t<div class=\"elementor-column-wrap elementor-element-populated\">\n\t\t\t\t\t\t\t<div class=\"elementor-widget-wrap\">\n\t\t\t\t\t\t<div class=\"elementor-element elementor-element-6426e52 elementor-widget elementor-widget-text-editor\" data-id=\"6426e52\" data-element_type=\"widget\" data-widget_type=\"text-editor.default\">\n\t\t\t\t<div class=\"elementor-widget-container\">\n\t\t\t\t\t\t\t\t<div class=\"elementor-text-editor elementor-clearfix\">\n\t\t\t\t<h3 class=\"\" data-start=\"114\" data-end=\"166\"><img draggable=\"false\" role=\"img\" class=\"emoji\" alt=\"\ud83d\udcde\" src=\"https:\/\/s.w.org\/images\/core\/emoji\/13.0.0\/svg\/1f4de.svg\"> <strong data-start=\"121\" data-end=\"166\">Sprzeda\u017c hurtowa \u2013 skontaktuj si\u0119 z nami!<\/strong><\/h3>\n<p class=\"\" data-start=\"168\" data-end=\"240\"><strong data-start=\"168\" data-end=\"190\">Dyrektor handlowy:<\/strong><br data-start=\"190\" data-end=\"193\"><img draggable=\"false\" role=\"img\" class=\"emoji\" alt=\"\ud83d\udccc\" src=\"https:\/\/s.w.org\/images\/core\/emoji\/13.0.0\/svg\/1f4cc.svg\"> <strong data-start=\"196\" data-end=\"215\">Jerzy S\u0142oci\u0144ski<\/strong> \u2013 <img draggable=\"false\" role=\"img\" class=\"emoji\" alt=\"\ud83d\udcde\" src=\"https:\/\/s.w.org\/images\/core\/emoji\/13.0.0\/svg\/1f4de.svg\"> <strong data-start=\"221\" data-end=\"240\">+48 603 745 533<\/strong><\/p>\n<p class=\"\" data-start=\"242\" data-end=\"302\"><strong data-start=\"242\" data-end=\"251\">Hurt:<\/strong><br data-start=\"251\" data-end=\"254\"><img draggable=\"false\" role=\"img\" class=\"emoji\" alt=\"\ud83d\udccc\" src=\"https:\/\/s.w.org\/images\/core\/emoji\/13.0.0\/svg\/1f4cc.svg\"> <strong data-start=\"257\" data-end=\"277\">Iwona Grochulska<\/strong> \u2013 <img draggable=\"false\" role=\"img\" class=\"emoji\" alt=\"\ud83d\udcf1\" src=\"https:\/\/s.w.org\/images\/core\/emoji\/13.0.0\/svg\/1f4f1.svg\"> <strong data-start=\"283\" data-end=\"302\">+48 501 302 188<\/strong><\/p>\n<p class=\"\" data-start=\"304\" data-end=\"375\"><strong data-start=\"304\" data-end=\"325\">Hurt \/ Logistyka:<\/strong><br data-start=\"325\" data-end=\"328\"><img draggable=\"false\" role=\"img\" class=\"emoji\" alt=\"\ud83d\udccc\" src=\"https:\/\/s.w.org\/images\/core\/emoji\/13.0.0\/svg\/1f4cc.svg\"> <strong data-start=\"331\" data-end=\"350\">Rafa\u0142 S\u0142oci\u0144ski<\/strong> \u2013 <img draggable=\"false\" role=\"img\" class=\"emoji\" alt=\"\ud83d\ude9b\" src=\"https:\/\/s.w.org\/images\/core\/emoji\/13.0.0\/svg\/1f69b.svg\"> <strong data-start=\"356\" data-end=\"375\">+48 530 679 282<\/strong><\/p>\n<ul data-start=\"818\" data-end=\"974\">\n<li class=\"\" data-start=\"818\" data-end=\"856\">\n<p class=\"\" data-start=\"820\" data-end=\"856\"><img draggable=\"false\" role=\"img\" class=\"emoji\" alt=\"\u2705\" src=\"https:\/\/s.w.org\/images\/core\/emoji\/13.0.0\/svg\/2705.svg\"> <strong data-start=\"822\" data-end=\"854\">Wysoka jako\u015b\u0107 opa\u0142u!<\/strong><\/p>\n<\/li>\n<li class=\"\" data-start=\"857\" data-end=\"891\">\n<p class=\"\" data-start=\"859\" data-end=\"891\"><img draggable=\"false\" role=\"img\" class=\"emoji\" alt=\"\u2705\" src=\"https:\/\/s.w.org\/images\/core\/emoji\/13.0.0\/svg\/2705.svg\"> <strong data-start=\"861\" data-end=\"889\">Atrakcyjne ceny hurtowe!<\/strong><\/p>\n<\/li>\n<li class=\"\" data-start=\"892\" data-end=\"931\">\n<p class=\"\" data-start=\"894\" data-end=\"931\"><img draggable=\"false\" role=\"img\" class=\"emoji\" alt=\"\u2705\" src=\"https:\/\/s.w.org\/images\/core\/emoji\/13.0.0\/svg\/2705.svg\"> <strong data-start=\"896\" data-end=\"929\">Szybka dostawa \u2013 ca\u0142a Polska!<\/strong><\/p>\n<\/li>\n<li class=\"\" data-start=\"932\" data-end=\"974\">\n<p class=\"\" data-start=\"934\" data-end=\"974\"><img draggable=\"false\" role=\"img\" class=\"emoji\" alt=\"\u2705\" src=\"https:\/\/s.w.org\/images\/core\/emoji\/13.0.0\/svg\/2705.svg\"> <strong data-start=\"936\" data-end=\"974\">Sprawdzeni dostawcy i pewny towar!<\/strong><\/p>\n<\/li>\n<\/ul>\n<p class=\"\" data-start=\"976\" data-end=\"1020\"><strong data-start=\"1024\" data-end=\"1065\">Zaufaj do\u015bwiadczeniu \u2013 wybierz Vasco!<\/strong><\/p>\n<p data-start=\"242\" data-end=\"302\">\n<\/p>\t\t\t\t\t<\/div>\n\t\t\t\t\t\t<\/div>\n\t\t\t\t<\/div>\n\t\t\t\t\t\t<\/div>\n\t\t\t\t\t<\/div>\n\t\t<\/div>\n\t\t\t\t\t\t\t\t<\/div>\n\t\t\t\t\t<\/div>\n\t\t<\/section>\n\t\t\t\t<section class=\"elementor-section elementor-top-section elementor-element elementor-element-6881fc9 elementor-section-boxed elementor-section-height-default elementor-section-height-default\" data-id=\"6881fc9\" data-element_type=\"section\">\n\t\t\t\t\t\t<div class=\"elementor-container elementor-column-gap-default\">\n\t\t\t\t\t\t\t<div class=\"elementor-row\">\n\t\t\t\t\t<div class=\"elementor-column elementor-col-100 elementor-top-column elementor-element elementor-element-5e47370\" data-id=\"5e47370\" data-element_type=\"column\">\n\t\t\t<div class=\"elementor-column-wrap elementor-element-populated\">\n\t\t\t\t\t\t\t<div class=\"elementor-widget-wrap\">\n\t\t\t\t\t\t<div class=\"elementor-element elementor-element-6a056c8 elementor-widget elementor-widget-image\" data-id=\"6a056c8\" data-element_type=\"widget\" data-widget_type=\"image.default\">\n\t\t\t\t<div class=\"elementor-widget-container\">\n\t\t\t\t\t\t\t\t<div class=\"elementor-image\">\n\t\t\t\t\t\t\t\t\t\t\t\t<img width=\"1024\" height=\"576\" src=\"http:\/\/vascokatowice.pl\/wp-content\/uploads\/2022\/05\/165294456_455335949113312_2006176077861290378_n-1024x576.jpg\" class=\"attachment-large size-large\" alt=\"\" loading=\"lazy\" srcset=\"http:\/\/vascokatowice.pl\/wp-content\/uploads\/2022\/05\/165294456_455335949113312_2006176077861290378_n-1024x576.jpg 1024w, http:\/\/vascokatowice.pl\/wp-content\/uploads\/2022\/05\/165294456_455335949113312_2006176077861290378_n-300x169.jpg 300w, http:\/\/vascokatowice.pl\/wp-content\/uploads\/2022\/05\/165294456_455335949113312_2006176077861290378_n-768x432.jpg 768w, http:\/\/vascokatowice.pl\/wp-content\/uploads\/2022\/05\/165294456_455335949113312_2006176077861290378_n-1536x864.jpg 1536w, http:\/\/vascokatowice.pl\/wp-content\/uploads\/2022\/05\/165294456_455335949113312_2006176077861290378_n-1920x1080.jpg 1920w, http:\/\/vascokatowice.pl\/wp-content\/uploads\/2022\/05\/165294456_455335949113312_2006176077861290378_n.jpg 2000w\" sizes=\"(max-width: 1024px) 100vw, 1024px\" \/>\t\t\t\t\t\t\t\t\t\t\t\t\t\t<\/div>\n\t\t\t\t\t\t<\/div>\n\t\t\t\t<\/div>\n\t\t\t\t\t\t<\/div>\n\t\t\t\t\t<\/div>\n\t\t<\/div>\n\t\t\t\t\t\t\t\t<\/div>\n\t\t\t\t\t<\/div>\n\t\t<\/section>\n\t\t\t\t\t\t\t\t\t<\/div>\n\t\t\t<\/div>\n\t\t\t\t\t<\/div>\n\t\t","protected":false},"excerpt":{"rendered":"<p>Sprzeda\u017c hurtowa \u2013 skontaktuj si\u0119 z nami! Dyrektor handlowy: Jerzy S\u0142oci\u0144ski \u2013 +48 603 745 533 Hurt: Iwona Grochulska \u2013 +48 501 302 188 Hurt \/ Logistyka: Rafa\u0142 S\u0142oci\u0144ski \u2013 +48 530 679 282 Wysoka jako\u015b\u0107 opa\u0142u! Atrakcyjne ceny hurtowe! Szybka dostawa \u2013 ca\u0142a Polska! Sprawdzeni dostawcy i pewny towar! Zaufaj do\u015bwiadczeniu \u2013 wybierz Vasco!<\/p>\n","protected":false},"author":1,"featured_media":0,"parent":0,"menu_order":0,"comment_status":"closed","ping_status":"closed","template":"","meta":[],"_links":{"self":[{"href":"http:\/\/vascokatowice.pl\/index.php\/wp-json\/wp\/v2\/pages\/440"}],"collection":[{"href":"http:\/\/vascokatowice.pl\/index.php\/wp-json\/wp\/v2\/pages"}],"about":[{"href":"http:\/\/vascokatowice.pl\/index.php\/wp-json\/wp\/v2\/types\/page"}],"author":[{"embeddable":true,"href":"http:\/\/vascokatowice.pl\/index.php\/wp-json\/wp\/v2\/users\/1"}],"replies":[{"embeddable":true,"href":"http:\/\/vascokatowice.pl\/index.php\/wp-json\/wp\/v2\/comments?post=440"}],"version-history":[{"count":11,"href":"http:\/\/vascokatowice.pl\/index.php\/wp-json\/wp\/v2\/pages\/440\/revisions"}],"predecessor-version":[{"id":483,"href":"http:\/\/vascokatowice.pl\/index.php\/wp-json\/wp\/v2\/pages\/440\/revisions\/483"}],"wp:attachment":[{"href":"http:\/\/vascokatowice.pl\/index.php\/wp-json\/wp\/v2\/media?parent=440"}],"curies":[{"name":"wp","href":"https:\/\/api.w.org\/{rel}","templated":true}]}}