{"id":37,"date":"2019-08-24T17:30:37","date_gmt":"2019-08-24T17:30:37","guid":{"rendered":"http:\/\/vascokatowice.pl\/?page_id=37"},"modified":"2019-08-24T20:02:35","modified_gmt":"2019-08-24T20:02:35","slug":"rodo","status":"publish","type":"page","link":"http:\/\/vascokatowice.pl\/index.php\/rodo\/","title":{"rendered":"Rodo"},"content":{"rendered":"\t\t<div data-elementor-type=\"wp-post\" data-elementor-id=\"37\" class=\"elementor elementor-37\">\n\t\t\t\t\t\t<div class=\"elementor-inner\">\n\t\t\t\t<div class=\"elementor-section-wrap\">\n\t\t\t\t\t\t\t\t\t<section class=\"elementor-section elementor-top-section elementor-element elementor-element-040027e elementor-section-boxed elementor-section-height-default elementor-section-height-default\" data-id=\"040027e\" data-element_type=\"section\">\n\t\t\t\t\t\t<div class=\"elementor-container elementor-column-gap-default\">\n\t\t\t\t\t\t\t<div class=\"elementor-row\">\n\t\t\t\t\t<div class=\"elementor-column elementor-col-100 elementor-top-column elementor-element elementor-element-e6228fc\" data-id=\"e6228fc\" data-element_type=\"column\">\n\t\t\t<div class=\"elementor-column-wrap elementor-element-populated\">\n\t\t\t\t\t\t\t<div class=\"elementor-widget-wrap\">\n\t\t\t\t\t\t<div class=\"elementor-element elementor-element-f27a1a4 elementor-widget elementor-widget-text-editor\" data-id=\"f27a1a4\" data-element_type=\"widget\" data-widget_type=\"text-editor.default\">\n\t\t\t\t<div class=\"elementor-widget-container\">\n\t\t\t\t\t\t\t\t<div class=\"elementor-text-editor elementor-clearfix\">\n\t\t\t\t<p align=\"CENTER\"><strong>Polityka prywatno\u015bci Firmy Prywatnej \u201eVASCO\u201d Andrzej S\u0142oci\u0144ski<\/strong><\/p><p>\u00a0<\/p><p>Szanowni Pa\u0144stwo,<\/p><p align=\"JUSTIFY\"><br \/>Zgodnie z obowi\u0105zuj\u0105cymi przepisami dotycz\u0105cymi ochrony danych osobowych, w\u00a0szczeg\u00f3lno\u015bci z og\u00f3lnym Rozporz\u0105dzeniem Parlamentu Europejskiego <br \/>i Rady UE 2016\/679 z dnia 27 kwietnia 2016 r. w sprawie ochrony os\u00f3b fizycznych w zwi\u0105zku z\u00a0przetwarzaniem danych osobowych i w sprawie swobodnego przep\u0142ywu takich danych oraz\u00a0uchylenia dyrektywy 95\/46\/WE (dalej: RODO), art. 13 lub 14 RODO \u2013 w zale\u017cno\u015bci od tego, czy zosta\u0142y one pozyskane bezpo\u015brednio od osoby kt\u00f3rej dane dotycz\u0105, czy te\u017c z innych \u017ar\u00f3de\u0142 pragniemy poinformowa\u0107 Pa\u0144stwa, \u017ce:<\/p><p align=\"JUSTIFY\"><br \/>Administratorem Pa\u0144stwa danych osobowych jest Firma Prywatna \u201eVASCO\u201d Andrzej S\u0142oci\u0144ski siedzib\u0105: Al. Ro\u017adzie\u0144skiego 188, 40-203 Katowice (NIP: 6460007202; Regon: 2700228053 nr. Telefonu: 502317350, mail: <a href=\"mailto:vascokat@op.pl\">vascokat@op.pl<\/a> , adres strony internetowej: vascokatowice.pl ).<\/p><p><br \/>Pa\u0144stwa dane osobowe mog\u0105 by\u0107 przetwarzane w nast\u0119puj\u0105cych celach:<\/p><ol><li><p>zawarcie i realizacja umowy (\u015bwiadczenia us\u0142ug);<\/p><\/li><li><p>na potrzeby prowadzonej dzia\u0142alno\u015bci gospodarczej;<\/p><\/li><li><p>sprzeda\u017c produkt\u00f3w i us\u0142ug sp\u00f3\u0142ki;<\/p><\/li><li><p>dochodzenie roszcze\u0144;<\/p><\/li><li><p>archiwizacja;<\/p><\/li><li><p>udzielanie odpowiedzi na pisma i wnioski;<\/p><\/li><li><p>prowadzenie dzia\u0142a\u0144 zwi\u0105zanych z zapewnieniem bezpiecze\u0144stwa;<\/p><\/li><li><p>wype\u0142nianie obowi\u0105zku prawnego ci\u0105\u017c\u0105cego na administratorze.<\/p><\/li><\/ol><p>Podstaw\u0105 prawn\u0105 przetwarzania Pa\u0144stwa danych b\u0119dzie:<\/p><ol><li><p>konieczno\u015b\u0107 wype\u0142nienia obowi\u0105zku prawnego ci\u0105\u017c\u0105cego na administratorze;<\/p><\/li><li><p>konieczno\u015b\u0107 wykonania umowy lub podj\u0119cia dzia\u0142a\u0144 na Pa\u0144stwa \u017c\u0105danie przed zawarciem umowy;<\/p><\/li><li><p>udzielona zgoda;<\/p><\/li><li><p>konieczno\u015b\u0107 wynikaj\u0105ca z prawnie uzasadnionych interes\u00f3w realizowanych przez administratora.<\/p><\/li><\/ol><p>Pa\u0144stwa dane mog\u0105 by\u0107 przekazywane nast\u0119puj\u0105cym podmiotom:<\/p><ol><li><p>podmiotom lub organom uprawnionym na podstawie przepis\u00f3w prawa<\/p><\/li><li><p>firmom kurierskim i pocztowym, kt\u00f3re b\u0119d\u0105 dostarcza\u0107 do Pa\u0144stwa przesy\u0142ki;<\/p><\/li><li><p>podmiotom prawnym, ksi\u0119gowym, informatycznym.<\/p><\/li><\/ol><p>Okres przetwarzania Pa\u0144stwa danych osobowych jest uzale\u017cniony od celu, w jakim dane s\u0105 przetwarzane. Okres, przez kt\u00f3ry Pa\u0144stwa dane osobowe b\u0119d\u0105 przechowywane, jest obliczany w\u00a0oparciu o nast\u0119puj\u0105ce kryteria:<\/p><ol><li><p>przepisy prawa, kt\u00f3re mog\u0105 obligowa\u0107 firm\u0119 do przetwarzania danych przez okre\u015blony czas (np. ustawa o rachunkowo\u015bci);<\/p><\/li><li><p>okres przez jaki s\u0105 \u015bwiadczone us\u0142ugi;<\/p><\/li><li><p>okres, kt\u00f3ry jest niezb\u0119dny do obrony interes\u00f3w administratora;<\/p><\/li><li><p>okres na jaki zosta\u0142a udzielona zgoda.<\/p><\/li><\/ol><p>Ponadto informujemy, \u017ce maj\u0105 Pa\u0144stwo prawo do:<\/p><ol><li><p>\u017c\u0105dania dost\u0119pu do dotycz\u0105cych Pa\u0144stwa danych osobowych w celu sprostowania danych,<\/p><\/li><li><p>\u017c\u0105dania uzupe\u0142nienia niekompletnych danych osobowych, w tym poprzez przedstawienie dodatkowego o\u015bwiadczenia,<\/p><\/li><li><p>usuni\u0119cia danych lub ograniczenia przetwarzania,<\/p><\/li><li><p>wniesienia sprzeciwu wobec dalszego przetwarzania Pa\u0144stwa danych osobowych,<\/p><\/li><li><p>przeniesienia Pa\u0144stwa danych osobowych.<\/p><\/li><\/ol><p>\u00a0<\/p><h4><span data-mce-mark=\"1\"><strong>Maj\u0105 Pa\u0144stwo prawo do <\/strong><strong>c<\/strong><\/span><strong><span data-mce-mark=\"1\">fn<\/span>i\u0119cia wyra\u017conej zgody w dowolnym momencie. Wycofanie zgody nie ma wp\u0142ywu na zgodno\u015b\u0107 z prawem przetwarzania Pa\u0144stwa danych, kt\u00f3rego dokonano na\u00a0podstawie udzielonej zgody przed jej cofni\u0119ciem.<\/strong><\/h4><h4><span data-mce-mark=\"1\"><br \/>Zgoda jest niezale\u017cna od czasu, w jakim Pa\u0144stwo korzystacie z us\u0142ug, obowi\u0105zuje do jej odwo\u0142ania.<\/span><\/h4>\t\t\t\t\t<\/div>\n\t\t\t\t\t\t<\/div>\n\t\t\t\t<\/div>\n\t\t\t\t\t\t<\/div>\n\t\t\t\t\t<\/div>\n\t\t<\/div>\n\t\t\t\t\t\t\t\t<\/div>\n\t\t\t\t\t<\/div>\n\t\t<\/section>\n\t\t\t\t\t\t\t\t\t<\/div>\n\t\t\t<\/div>\n\t\t\t\t\t<\/div>\n\t\t","protected":false},"excerpt":{"rendered":"<p>Polityka prywatno\u015bci Firmy Prywatnej \u201eVASCO\u201d Andrzej S\u0142oci\u0144ski \u00a0 Szanowni Pa\u0144stwo, Zgodnie z obowi\u0105zuj\u0105cymi przepisami dotycz\u0105cymi ochrony danych osobowych, w\u00a0szczeg\u00f3lno\u015bci z og\u00f3lnym Rozporz\u0105dzeniem Parlamentu Europejskiego i Rady UE 2016\/679 z dnia 27 kwietnia 2016 r. w sprawie ochrony os\u00f3b fizycznych w zwi\u0105zku z\u00a0przetwarzaniem danych osobowych i w sprawie swobodnego przep\u0142ywu takich danych oraz\u00a0uchylenia dyrektywy 95\/46\/WE (dalej:&hellip; <br \/> <a class=\"read-more\" href=\"http:\/\/vascokatowice.pl\/index.php\/rodo\/\">Przeczytaj wi\u0119cej<\/a><\/p>\n","protected":false},"author":1,"featured_media":0,"parent":0,"menu_order":0,"comment_status":"closed","ping_status":"closed","template":"","meta":[],"_links":{"self":[{"href":"http:\/\/vascokatowice.pl\/index.php\/wp-json\/wp\/v2\/pages\/37"}],"collection":[{"href":"http:\/\/vascokatowice.pl\/index.php\/wp-json\/wp\/v2\/pages"}],"about":[{"href":"http:\/\/vascokatowice.pl\/index.php\/wp-json\/wp\/v2\/types\/page"}],"author":[{"embeddable":true,"href":"http:\/\/vascokatowice.pl\/index.php\/wp-json\/wp\/v2\/users\/1"}],"replies":[{"embeddable":true,"href":"http:\/\/vascokatowice.pl\/index.php\/wp-json\/wp\/v2\/comments?post=37"}],"version-history":[{"count":2,"href":"http:\/\/vascokatowice.pl\/index.php\/wp-json\/wp\/v2\/pages\/37\/revisions"}],"predecessor-version":[{"id":140,"href":"http:\/\/vascokatowice.pl\/index.php\/wp-json\/wp\/v2\/pages\/37\/revisions\/140"}],"wp:attachment":[{"href":"http:\/\/vascokatowice.pl\/index.php\/wp-json\/wp\/v2\/media?parent=37"}],"curies":[{"name":"wp","href":"https:\/\/api.w.org\/{rel}","templated":true}]}}